{"id":1518,"date":"2017-10-30T04:28:40","date_gmt":"2017-10-30T08:28:40","guid":{"rendered":"http:\/\/www.saintmartinfrance.com\/site\/?page_id=1518"},"modified":"2020-12-14T00:20:01","modified_gmt":"2020-12-14T04:20:01","slug":"en-bref","status":"publish","type":"page","link":"https:\/\/www.saintmartinfrance.com\/site\/en-bref\/","title":{"rendered":"Saint-Martin de la Tuque &#8211; En bref"},"content":{"rendered":"<p><a href=\"https:\/\/www.saintmartinfrance.com\/site\/en-bref\/\"><img loading=\"lazy\" decoding=\"async\" class=\"alignright size-full wp-image-1520\" src=\"https:\/\/www.saintmartinfrance.com\/site\/wp-content\/uploads\/2017\/10\/france.png\" alt=\"\" width=\"64\" height=\"64\"><\/a> <a href=\"https:\/\/www.saintmartinfrance.com\/site\/\"><img loading=\"lazy\" decoding=\"async\" class=\"alignright wp-image-1521 size-full\" src=\"https:\/\/www.saintmartinfrance.com\/site\/wp-content\/uploads\/2017\/10\/uk.png\" alt=\"\" width=\"64\" height=\"64\"><\/a><\/p>\n<p><strong>En bref<\/strong><\/p>\n<p>Les maisons sont b\u00e2ties \u00e0 partir des ruines d\u2019une grande ferme datant de la fin du XIXe si\u00e8cle. On y retrouve&nbsp;:<\/p>\n<p><strong>Le <em>cottage<\/em><\/strong><\/p>\n<p>Cette maisonnette comprend un salon, une cuisine\/salle-\u00e0-manger et deux chambres doubles chacune avec sa salle-de-bains priv\u00e9e. La deuxi\u00e8me chambre \u00e0 lit double a un acc\u00e8s priv\u00e9 \u00e0 l\u2019arri\u00e8re de la propri\u00e9t\u00e9. L\u2019acc\u00e8s au <em>cottage<\/em> se fait par la porte arri\u00e8re de la maisonnette. L\u2019espace qui entoure le <em>cottage<\/em> est recouvert de dalles et une terrasse am\u00e9nag\u00e9e offre une vue formidable sur le terrain.<\/p>\n<p><strong>La maison<\/strong><\/p>\n<p>La premi\u00e8re des maisons a \u00e9t\u00e9 construite sur 3 niveaux et comprend 2 chambres \u00e0 coucher.<\/p>\n<p><strong>La grange<\/strong><\/p>\n<p>La grange a \u00e9t\u00e9 totalement recon\u00e7ue et transform\u00e9e en deux maisons mitoyennes, compl\u00e8tement \u00e9quip\u00e9es.<\/p>\n<p><strong>Le jardin<\/strong><\/p>\n<p>Les jardins des quatre habitations ont \u00e9t\u00e9 compl\u00e8tement nettoy\u00e9s et ensemenc\u00e9s.<\/p>\n<p><strong>Le terrain<\/strong><\/p>\n<p>Les terres s\u2019\u00e9tendent sur 16 hectares de part et d\u2019autre de la route principale. Les habitations sont elles, entour\u00e9es d\u2019une prairie de 8 hectares bord\u00e9e par un ruisseau. De l\u2019autre c\u00f4t\u00e9 de la route, s\u2019\u00e9tend une for\u00eat de 8 hectares id\u00e9ale pour la marche et des promenades.<\/p>\n<p><strong>Directions<\/strong><\/p>\n<p>Adresse&nbsp;: Saint-Martin de la Tuque, 47450 Saint-Hilaire-de-Lusignan, France<\/p>\n<p>Nous sommes situ\u00e9s \u00e0 8 km environ au nord-ouest d\u2019Agen en Nouvelle-Aquitaine, sur le flanc droit de la D107 en venant d\u2019Agen (direction Prayssas). Une fois arriv\u00e9s \u00e0 l\u2019intersection de Garitor, la propri\u00e9t\u00e9 est la seconde \u00e0 droite apr\u00e8s le carrefour de Garitor. L\u2019entr\u00e9e se trouve \u00e0 droite imm\u00e9diatement apr\u00e8s avoir pass\u00e9 les maisons. L\u2019entr\u00e9e est en t\u00eate d\u2019\u00e9pingle.<\/p>\n<p>\u00c0 3,5 km se trouve le petit village de Lusignan-Petit (pas de commerces) et 3,5 km plus loin encore se trouve Prayssas, Village de Caract\u00e8re, avec ses commerces de proximit\u00e9, maison m\u00e9dicale, garage et station essence. En revenant vers Agen on tombe sur la ville de Colayrac-Saint-Cirq avec ses nombreux commerces.<\/p>\n<p><strong>Coordonn\u00e9es<\/strong><\/p>\n<ul>\n<li><em>Cottage<\/em>: +33 (0)5 53 68 23 70<\/li>\n<li>Mobile (GB)&nbsp;: +44 (0)7872 000568<\/li>\n<li>Domicile (GB)&nbsp;: +44 (0)1803 782758<\/li>\n<li>Bureau (GB)&nbsp;: +44 (0)1803 782758<\/li>\n<\/ul>\n<p>&nbsp;<\/p>\n<p><iframe loading=\"lazy\" style=\"border: 0;\" src=\"https:\/\/www.google.com\/maps\/embed?pb=!1m18!1m12!1m3!1d22860.010622710273!2d0.520182174178333!3d44.258504820992236!2m3!1f0!2f0!3f0!3m2!1i1024!2i768!4f13.1!3m3!1m2!1s0x12aa52110076c625%3A0xc77f949cacdcdb57!2sFriend+Richard!5e0!3m2!1sen!2suk!4v1509353510016\" width=\"920\" height=\"450\" frameborder=\"0\" allowfullscreen=\"allowfullscreen\"><\/iframe><\/p>\n","protected":false},"excerpt":{"rendered":"<p>\nEn bref<br \/>\nLes maisons sont b\u00e2ties \u00e0 partir des ruines d\u2019une grande ferme datant de la fin du XIXe si\u00e8cle. On y retrouve&nbsp;:<br \/>\nLe cottage<br \/>\nCette maisonnette comprend un salon, une cuisine\/salle-\u00e0-manger et deux chambres doubles chacune avec sa salle-de-bains priv\u00e9e. La deuxi\u00e8me chambre \u00e0 lit double a un acc\u00e8s priv\u00e9 \u00e0 l\u2019arri\u00e8re de la propri\u00e9t\u00e9. L\u2019acc\u00e8s au cottage se fait par la porte arri\u00e8re de la maisonnette. L\u2019espace qui entoure le cottage est recouvert de dalles et &#8230;<\/p>\n","protected":false},"author":1,"featured_media":0,"parent":0,"menu_order":0,"comment_status":"closed","ping_status":"closed","template":"","meta":{"ngg_post_thumbnail":0,"footnotes":""},"class_list":["post-1518","page","type-page","status-publish","hentry"],"_links":{"self":[{"href":"https:\/\/www.saintmartinfrance.com\/site\/wp-json\/wp\/v2\/pages\/1518","targetHints":{"allow":["GET"]}}],"collection":[{"href":"https:\/\/www.saintmartinfrance.com\/site\/wp-json\/wp\/v2\/pages"}],"about":[{"href":"https:\/\/www.saintmartinfrance.com\/site\/wp-json\/wp\/v2\/types\/page"}],"author":[{"embeddable":true,"href":"https:\/\/www.saintmartinfrance.com\/site\/wp-json\/wp\/v2\/users\/1"}],"replies":[{"embeddable":true,"href":"https:\/\/www.saintmartinfrance.com\/site\/wp-json\/wp\/v2\/comments?post=1518"}],"version-history":[{"count":8,"href":"https:\/\/www.saintmartinfrance.com\/site\/wp-json\/wp\/v2\/pages\/1518\/revisions"}],"predecessor-version":[{"id":1619,"href":"https:\/\/www.saintmartinfrance.com\/site\/wp-json\/wp\/v2\/pages\/1518\/revisions\/1619"}],"wp:attachment":[{"href":"https:\/\/www.saintmartinfrance.com\/site\/wp-json\/wp\/v2\/media?parent=1518"}],"curies":[{"name":"wp","href":"https:\/\/api.w.org\/{rel}","templated":true}]}}